{"id":1107,"date":"2022-01-11T10:47:53","date_gmt":"2022-01-11T09:47:53","guid":{"rendered":"http:\/\/thomashohn.nl\/?page_id=1107"},"modified":"2025-10-13T09:01:37","modified_gmt":"2025-10-13T07:01:37","slug":"meisterklasse-fuehren-mit-persoenlichkeit","status":"publish","type":"page","link":"https:\/\/thomashohn.nl\/de\/meisterklasse-fuehren-mit-persoenlichkeit\/","title":{"rendered":"Meisterklasse \u2013 F\u00fchren mit Pers\u00f6nlichkeit!"},"content":{"rendered":"","protected":false},"excerpt":{"rendered":"","protected":false},"author":1,"featured_media":0,"parent":0,"menu_order":0,"comment_status":"closed","ping_status":"closed","template":"","meta":{"inline_featured_image":false,"footnotes":""},"class_list":["post-1107","page","type-page","status-publish","hentry"],"yoast_head":"<!-- This site is optimized with the Yoast SEO plugin v27.3 - https:\/\/yoast.com\/product\/yoast-seo-wordpress\/ -->\n<title>Meisterklasse \u2013 F\u00fchren mit Pers\u00f6nlichkeit! - Thomas H\u00f6hn<\/title>\n<meta name=\"robots\" content=\"index, follow, max-snippet:-1, max-image-preview:large, max-video-preview:-1\" \/>\n<link rel=\"canonical\" href=\"https:\/\/thomashohn.nl\/de\/meisterklasse-fuehren-mit-persoenlichkeit\/\" \/>\n<meta property=\"og:locale\" content=\"de_DE\" \/>\n<meta property=\"og:type\" content=\"article\" \/>\n<meta property=\"og:title\" content=\"Meisterklasse \u2013 F\u00fchren mit Pers\u00f6nlichkeit! - Thomas H\u00f6hn\" \/>\n<meta property=\"og:url\" content=\"https:\/\/thomashohn.nl\/de\/meisterklasse-fuehren-mit-persoenlichkeit\/\" \/>\n<meta property=\"og:site_name\" content=\"Thomas H\u00f6hn\" \/>\n<meta property=\"article:modified_time\" content=\"2025-10-13T07:01:37+00:00\" \/>\n<meta name=\"twitter:card\" content=\"summary_large_image\" \/>\n<meta name=\"twitter:label1\" content=\"Gesch\u00e4tzte Lesezeit\" \/>\n\t<meta name=\"twitter:data1\" content=\"3\u00a0Minuten\" \/>\n<script type=\"application\/ld+json\" class=\"yoast-schema-graph\">{\"@context\":\"https:\\\/\\\/schema.org\",\"@graph\":[{\"@type\":\"WebPage\",\"@id\":\"https:\\\/\\\/thomashohn.nl\\\/de\\\/meisterklasse-fuehren-mit-persoenlichkeit\\\/\",\"url\":\"https:\\\/\\\/thomashohn.nl\\\/de\\\/meisterklasse-fuehren-mit-persoenlichkeit\\\/\",\"name\":\"Meisterklasse \u2013 F\u00fchren mit Pers\u00f6nlichkeit! - Thomas H\u00f6hn\",\"isPartOf\":{\"@id\":\"https:\\\/\\\/thomashohn.nl\\\/#website\"},\"datePublished\":\"2022-01-11T09:47:53+00:00\",\"dateModified\":\"2025-10-13T07:01:37+00:00\",\"breadcrumb\":{\"@id\":\"https:\\\/\\\/thomashohn.nl\\\/de\\\/meisterklasse-fuehren-mit-persoenlichkeit\\\/#breadcrumb\"},\"inLanguage\":\"de\",\"potentialAction\":[{\"@type\":\"ReadAction\",\"target\":[\"https:\\\/\\\/thomashohn.nl\\\/de\\\/meisterklasse-fuehren-mit-persoenlichkeit\\\/\"]}]},{\"@type\":\"BreadcrumbList\",\"@id\":\"https:\\\/\\\/thomashohn.nl\\\/de\\\/meisterklasse-fuehren-mit-persoenlichkeit\\\/#breadcrumb\",\"itemListElement\":[{\"@type\":\"ListItem\",\"position\":1,\"name\":\"Home\",\"item\":\"https:\\\/\\\/thomashohn.nl\\\/de\\\/\"},{\"@type\":\"ListItem\",\"position\":2,\"name\":\"Meisterklasse \u2013 F\u00fchren mit Pers\u00f6nlichkeit!\"}]},{\"@type\":\"WebSite\",\"@id\":\"https:\\\/\\\/thomashohn.nl\\\/#website\",\"url\":\"https:\\\/\\\/thomashohn.nl\\\/\",\"name\":\"Thomas H\u00f6hn\",\"description\":\"Voice and vision\",\"publisher\":{\"@id\":\"https:\\\/\\\/thomashohn.nl\\\/#\\\/schema\\\/person\\\/4a77c0316a9512def4026a37b7104c9e\"},\"potentialAction\":[{\"@type\":\"SearchAction\",\"target\":{\"@type\":\"EntryPoint\",\"urlTemplate\":\"https:\\\/\\\/thomashohn.nl\\\/?s={search_term_string}\"},\"query-input\":{\"@type\":\"PropertyValueSpecification\",\"valueRequired\":true,\"valueName\":\"search_term_string\"}}],\"inLanguage\":\"de\"},{\"@type\":[\"Person\",\"Organization\"],\"@id\":\"https:\\\/\\\/thomashohn.nl\\\/#\\\/schema\\\/person\\\/4a77c0316a9512def4026a37b7104c9e\",\"name\":\"Thomas Hoehn\",\"image\":{\"@type\":\"ImageObject\",\"inLanguage\":\"de\",\"@id\":\"https:\\\/\\\/secure.gravatar.com\\\/avatar\\\/848be1c397126ab9322d8b248ce1df79a40b8ec76a1c0d0d1ebbd26542ad02d9?s=96&d=mm&r=g\",\"url\":\"https:\\\/\\\/secure.gravatar.com\\\/avatar\\\/848be1c397126ab9322d8b248ce1df79a40b8ec76a1c0d0d1ebbd26542ad02d9?s=96&d=mm&r=g\",\"contentUrl\":\"https:\\\/\\\/secure.gravatar.com\\\/avatar\\\/848be1c397126ab9322d8b248ce1df79a40b8ec76a1c0d0d1ebbd26542ad02d9?s=96&d=mm&r=g\",\"caption\":\"Thomas Hoehn\"},\"logo\":{\"@id\":\"https:\\\/\\\/secure.gravatar.com\\\/avatar\\\/848be1c397126ab9322d8b248ce1df79a40b8ec76a1c0d0d1ebbd26542ad02d9?s=96&d=mm&r=g\"}}]}<\/script>\n<!-- \/ Yoast SEO plugin. -->","yoast_head_json":{"title":"Meisterklasse \u2013 F\u00fchren mit Pers\u00f6nlichkeit! - Thomas H\u00f6hn","robots":{"index":"index","follow":"follow","max-snippet":"max-snippet:-1","max-image-preview":"max-image-preview:large","max-video-preview":"max-video-preview:-1"},"canonical":"https:\/\/thomashohn.nl\/de\/meisterklasse-fuehren-mit-persoenlichkeit\/","og_locale":"de_DE","og_type":"article","og_title":"Meisterklasse \u2013 F\u00fchren mit Pers\u00f6nlichkeit! - Thomas H\u00f6hn","og_url":"https:\/\/thomashohn.nl\/de\/meisterklasse-fuehren-mit-persoenlichkeit\/","og_site_name":"Thomas H\u00f6hn","article_modified_time":"2025-10-13T07:01:37+00:00","twitter_card":"summary_large_image","twitter_misc":{"Gesch\u00e4tzte Lesezeit":"3\u00a0Minuten"},"schema":{"@context":"https:\/\/schema.org","@graph":[{"@type":"WebPage","@id":"https:\/\/thomashohn.nl\/de\/meisterklasse-fuehren-mit-persoenlichkeit\/","url":"https:\/\/thomashohn.nl\/de\/meisterklasse-fuehren-mit-persoenlichkeit\/","name":"Meisterklasse \u2013 F\u00fchren mit Pers\u00f6nlichkeit! - Thomas H\u00f6hn","isPartOf":{"@id":"https:\/\/thomashohn.nl\/#website"},"datePublished":"2022-01-11T09:47:53+00:00","dateModified":"2025-10-13T07:01:37+00:00","breadcrumb":{"@id":"https:\/\/thomashohn.nl\/de\/meisterklasse-fuehren-mit-persoenlichkeit\/#breadcrumb"},"inLanguage":"de","potentialAction":[{"@type":"ReadAction","target":["https:\/\/thomashohn.nl\/de\/meisterklasse-fuehren-mit-persoenlichkeit\/"]}]},{"@type":"BreadcrumbList","@id":"https:\/\/thomashohn.nl\/de\/meisterklasse-fuehren-mit-persoenlichkeit\/#breadcrumb","itemListElement":[{"@type":"ListItem","position":1,"name":"Home","item":"https:\/\/thomashohn.nl\/de\/"},{"@type":"ListItem","position":2,"name":"Meisterklasse \u2013 F\u00fchren mit Pers\u00f6nlichkeit!"}]},{"@type":"WebSite","@id":"https:\/\/thomashohn.nl\/#website","url":"https:\/\/thomashohn.nl\/","name":"Thomas H\u00f6hn","description":"Voice and vision","publisher":{"@id":"https:\/\/thomashohn.nl\/#\/schema\/person\/4a77c0316a9512def4026a37b7104c9e"},"potentialAction":[{"@type":"SearchAction","target":{"@type":"EntryPoint","urlTemplate":"https:\/\/thomashohn.nl\/?s={search_term_string}"},"query-input":{"@type":"PropertyValueSpecification","valueRequired":true,"valueName":"search_term_string"}}],"inLanguage":"de"},{"@type":["Person","Organization"],"@id":"https:\/\/thomashohn.nl\/#\/schema\/person\/4a77c0316a9512def4026a37b7104c9e","name":"Thomas Hoehn","image":{"@type":"ImageObject","inLanguage":"de","@id":"https:\/\/secure.gravatar.com\/avatar\/848be1c397126ab9322d8b248ce1df79a40b8ec76a1c0d0d1ebbd26542ad02d9?s=96&d=mm&r=g","url":"https:\/\/secure.gravatar.com\/avatar\/848be1c397126ab9322d8b248ce1df79a40b8ec76a1c0d0d1ebbd26542ad02d9?s=96&d=mm&r=g","contentUrl":"https:\/\/secure.gravatar.com\/avatar\/848be1c397126ab9322d8b248ce1df79a40b8ec76a1c0d0d1ebbd26542ad02d9?s=96&d=mm&r=g","caption":"Thomas Hoehn"},"logo":{"@id":"https:\/\/secure.gravatar.com\/avatar\/848be1c397126ab9322d8b248ce1df79a40b8ec76a1c0d0d1ebbd26542ad02d9?s=96&d=mm&r=g"}}]}},"_links":{"self":[{"href":"https:\/\/thomashohn.nl\/de\/wp-json\/wp\/v2\/pages\/1107","targetHints":{"allow":["GET"]}}],"collection":[{"href":"https:\/\/thomashohn.nl\/de\/wp-json\/wp\/v2\/pages"}],"about":[{"href":"https:\/\/thomashohn.nl\/de\/wp-json\/wp\/v2\/types\/page"}],"author":[{"embeddable":true,"href":"https:\/\/thomashohn.nl\/de\/wp-json\/wp\/v2\/users\/1"}],"replies":[{"embeddable":true,"href":"https:\/\/thomashohn.nl\/de\/wp-json\/wp\/v2\/comments?post=1107"}],"version-history":[{"count":5,"href":"https:\/\/thomashohn.nl\/de\/wp-json\/wp\/v2\/pages\/1107\/revisions"}],"predecessor-version":[{"id":2829,"href":"https:\/\/thomashohn.nl\/de\/wp-json\/wp\/v2\/pages\/1107\/revisions\/2829"}],"wp:attachment":[{"href":"https:\/\/thomashohn.nl\/de\/wp-json\/wp\/v2\/media?parent=1107"}],"curies":[{"name":"wp","href":"https:\/\/api.w.org\/{rel}","templated":true}]}}